{"id":700187,"date":"2026-03-06T00:00:00","date_gmt":"2026-03-06T00:00:00","guid":{"rendered":"https:\/\/fransmelk.nl\/wp-content\/uploads\/product\/90122-lurcat-jean-denizeau-gerard-lurcat-simone-l-oeuvre-peint-de-jean-lurcat-catalogue-raisonne-1910-1965\/"},"modified":"2026-03-06T00:00:00","modified_gmt":"2026-03-06T00:00:00","slug":"90122-lurcat-jean-denizeau-gerard-lurcat-simone-l-oeuvre-peint-de-jean-lurcat-catalogue-raisonne-1910-1965","status":"publish","type":"product","link":"https:\/\/fransmelk.nl\/?product=90122-lurcat-jean-denizeau-gerard-lurcat-simone-l-oeuvre-peint-de-jean-lurcat-catalogue-raisonne-1910-1965","title":{"rendered":"LUR\u00c7AT, JEAN &#8211; DENIZEAU, G\u00c9RARD &#038; LURCAT, SIMONE. L&#8217;Oeuvre Peint de Jean Lur\u00e7at. Catalogue Raisonn\u00e9 1910 &#8211; 1965 ."},"content":{"rendered":"<p>\n      L&#39;Oeuvre Peint de Jean Lur&ccedil;at. Catalogue Raisonn&eacute; 1910 &#8211; 1965 .\n    <\/p>\n<p>  Lausanne. Acatos. 1998. First edition. 32 x 25,5 cm. Hardcover with dustjacket. Richly illustrated in color and b\/w. 532 pages. &#8211; Almost AS NEW [Art \/ international artist [Buitenlandse Kunstenaars]] [Bijzonder \/ Special [Bijzonder]]<\/p>\n","protected":false},"excerpt":{"rendered":"<p>ISBN  9782940033225<\/p>\n","protected":false},"featured_media":700188,"template":"","meta":{"inline_featured_image":false},"product_cat":[211,981],"product_tag":[],"class_list":{"0":"post-700187","1":"product","2":"type-product","3":"status-publish","4":"has-post-thumbnail","6":"product_cat-bijzonder-special","7":"product_cat-buitenlandse-kunstenaars","9":"first","10":"instock","11":"shipping-taxable","12":"purchasable","13":"product-type-simple"},"yoast_head":"<!-- This site is optimized with the Yoast SEO plugin v27.5 - https:\/\/yoast.com\/product\/yoast-seo-wordpress\/ -->\n<title>LUR\u00c7AT, JEAN - DENIZEAU, G\u00c9RARD &amp; LURCAT, SIMONE. L&#039;Oeuvre Peint de Jean Lur\u00e7at. Catalogue Raisonn\u00e9 1910 - 1965 . - Antiquariaat Frans Melk<\/title>\n<meta name=\"robots\" content=\"index, follow, max-snippet:-1, max-image-preview:large, max-video-preview:-1\" \/>\n<link rel=\"canonical\" href=\"https:\/\/fransmelk.nl\/?product=90122-lurcat-jean-denizeau-gerard-lurcat-simone-l-oeuvre-peint-de-jean-lurcat-catalogue-raisonne-1910-1965\" \/>\n<meta property=\"og:locale\" content=\"nl_NL\" \/>\n<meta property=\"og:type\" content=\"article\" \/>\n<meta property=\"og:title\" content=\"LUR\u00c7AT, JEAN - DENIZEAU, G\u00c9RARD &amp; LURCAT, SIMONE. L&#039;Oeuvre Peint de Jean Lur\u00e7at. Catalogue Raisonn\u00e9 1910 - 1965 . - Antiquariaat Frans Melk\" \/>\n<meta property=\"og:description\" content=\"ISBN 9782940033225\" \/>\n<meta property=\"og:url\" content=\"https:\/\/fransmelk.nl\/?product=90122-lurcat-jean-denizeau-gerard-lurcat-simone-l-oeuvre-peint-de-jean-lurcat-catalogue-raisonne-1910-1965\" \/>\n<meta property=\"og:site_name\" content=\"Antiquariaat Frans Melk\" \/>\n<meta property=\"og:image\" content=\"https:\/\/fransmelk.nl\/wp-content\/uploads\/\/90122.jpg\" \/>\n\t<meta property=\"og:image:width\" content=\"1\" \/>\n\t<meta property=\"og:image:height\" content=\"1\" \/>\n\t<meta property=\"og:image:type\" content=\"image\/jpeg\" \/>\n<meta name=\"twitter:card\" content=\"summary_large_image\" \/>\n<script type=\"application\/ld+json\" class=\"yoast-schema-graph\">{\"@context\":\"https:\\\/\\\/schema.org\",\"@graph\":[{\"@type\":\"WebPage\",\"@id\":\"https:\\\/\\\/fransmelk.nl\\\/?product=90122-lurcat-jean-denizeau-gerard-lurcat-simone-l-oeuvre-peint-de-jean-lurcat-catalogue-raisonne-1910-1965\",\"url\":\"https:\\\/\\\/fransmelk.nl\\\/?product=90122-lurcat-jean-denizeau-gerard-lurcat-simone-l-oeuvre-peint-de-jean-lurcat-catalogue-raisonne-1910-1965\",\"name\":\"LUR\u00c7AT, JEAN - DENIZEAU, G\u00c9RARD & LURCAT, SIMONE. L'Oeuvre Peint de Jean Lur\u00e7at. Catalogue Raisonn\u00e9 1910 - 1965 . - Antiquariaat Frans Melk\",\"isPartOf\":{\"@id\":\"https:\\\/\\\/fransmelk.nl\\\/#website\"},\"primaryImageOfPage\":{\"@id\":\"https:\\\/\\\/fransmelk.nl\\\/?product=90122-lurcat-jean-denizeau-gerard-lurcat-simone-l-oeuvre-peint-de-jean-lurcat-catalogue-raisonne-1910-1965#primaryimage\"},\"image\":{\"@id\":\"https:\\\/\\\/fransmelk.nl\\\/?product=90122-lurcat-jean-denizeau-gerard-lurcat-simone-l-oeuvre-peint-de-jean-lurcat-catalogue-raisonne-1910-1965#primaryimage\"},\"thumbnailUrl\":\"https:\\\/\\\/fransmelk.nl\\\/wp-content\\\/uploads\\\/\\\/90122.jpg\",\"datePublished\":\"2026-03-06T00:00:00+00:00\",\"breadcrumb\":{\"@id\":\"https:\\\/\\\/fransmelk.nl\\\/?product=90122-lurcat-jean-denizeau-gerard-lurcat-simone-l-oeuvre-peint-de-jean-lurcat-catalogue-raisonne-1910-1965#breadcrumb\"},\"inLanguage\":\"nl-NL\",\"potentialAction\":[{\"@type\":\"ReadAction\",\"target\":[\"https:\\\/\\\/fransmelk.nl\\\/?product=90122-lurcat-jean-denizeau-gerard-lurcat-simone-l-oeuvre-peint-de-jean-lurcat-catalogue-raisonne-1910-1965\"]}]},{\"@type\":\"ImageObject\",\"inLanguage\":\"nl-NL\",\"@id\":\"https:\\\/\\\/fransmelk.nl\\\/?product=90122-lurcat-jean-denizeau-gerard-lurcat-simone-l-oeuvre-peint-de-jean-lurcat-catalogue-raisonne-1910-1965#primaryimage\",\"url\":\"https:\\\/\\\/fransmelk.nl\\\/wp-content\\\/uploads\\\/\\\/90122.jpg\",\"contentUrl\":\"https:\\\/\\\/fransmelk.nl\\\/wp-content\\\/uploads\\\/\\\/90122.jpg\",\"caption\":\"LUR\u00c7AT, JEAN - DENIZEAU, G\u00c9RARD & LURCAT, SIMONE. L'Oeuvre Peint de Jean Lur\u00e7at. Catalogue Raisonn\u00e9 1910 - 1965 .\"},{\"@type\":\"BreadcrumbList\",\"@id\":\"https:\\\/\\\/fransmelk.nl\\\/?product=90122-lurcat-jean-denizeau-gerard-lurcat-simone-l-oeuvre-peint-de-jean-lurcat-catalogue-raisonne-1910-1965#breadcrumb\",\"itemListElement\":[{\"@type\":\"ListItem\",\"position\":1,\"name\":\"Home\",\"item\":\"https:\\\/\\\/fransmelk.nl\\\/\"},{\"@type\":\"ListItem\",\"position\":2,\"name\":\"Winkel\",\"item\":\"https:\\\/\\\/fransmelk.nl\\\/?page_id=6\"},{\"@type\":\"ListItem\",\"position\":3,\"name\":\"LUR\u00c7AT, JEAN &#8211; DENIZEAU, G\u00c9RARD &#038; LURCAT, SIMONE. L&#8217;Oeuvre Peint de Jean Lur\u00e7at. Catalogue Raisonn\u00e9 1910 &#8211; 1965 .\"}]},{\"@type\":\"WebSite\",\"@id\":\"https:\\\/\\\/fransmelk.nl\\\/#website\",\"url\":\"https:\\\/\\\/fransmelk.nl\\\/\",\"name\":\"Antiquariaat Frans Melk\",\"description\":\"{:nl}Antiquariaat Frans Melk{:}{:en}Antiquariaat Frans Melk{:}\",\"publisher\":{\"@id\":\"https:\\\/\\\/fransmelk.nl\\\/#organization\"},\"potentialAction\":[{\"@type\":\"SearchAction\",\"target\":{\"@type\":\"EntryPoint\",\"urlTemplate\":\"https:\\\/\\\/fransmelk.nl\\\/?s={search_term_string}\"},\"query-input\":{\"@type\":\"PropertyValueSpecification\",\"valueRequired\":true,\"valueName\":\"search_term_string\"}}],\"inLanguage\":\"nl-NL\"},{\"@type\":\"Organization\",\"@id\":\"https:\\\/\\\/fransmelk.nl\\\/#organization\",\"name\":\"Antiquariaat Frans Melk\",\"url\":\"https:\\\/\\\/fransmelk.nl\\\/\",\"logo\":{\"@type\":\"ImageObject\",\"inLanguage\":\"nl-NL\",\"@id\":\"https:\\\/\\\/fransmelk.nl\\\/#\\\/schema\\\/logo\\\/image\\\/\",\"url\":\"https:\\\/\\\/fransmelk.nl\\\/wp-content\\\/uploads\\\/2024\\\/02\\\/cropped-logo-transparant.png\",\"contentUrl\":\"https:\\\/\\\/fransmelk.nl\\\/wp-content\\\/uploads\\\/2024\\\/02\\\/cropped-logo-transparant.png\",\"width\":1815,\"height\":744,\"caption\":\"Antiquariaat Frans Melk\"},\"image\":{\"@id\":\"https:\\\/\\\/fransmelk.nl\\\/#\\\/schema\\\/logo\\\/image\\\/\"}}]}<\/script>\n<!-- \/ Yoast SEO plugin. -->","yoast_head_json":{"title":"LUR\u00c7AT, JEAN - DENIZEAU, G\u00c9RARD & LURCAT, SIMONE. L'Oeuvre Peint de Jean Lur\u00e7at. Catalogue Raisonn\u00e9 1910 - 1965 . - Antiquariaat Frans Melk","robots":{"index":"index","follow":"follow","max-snippet":"max-snippet:-1","max-image-preview":"max-image-preview:large","max-video-preview":"max-video-preview:-1"},"canonical":"https:\/\/fransmelk.nl\/?product=90122-lurcat-jean-denizeau-gerard-lurcat-simone-l-oeuvre-peint-de-jean-lurcat-catalogue-raisonne-1910-1965","og_locale":"nl_NL","og_type":"article","og_title":"LUR\u00c7AT, JEAN - DENIZEAU, G\u00c9RARD & LURCAT, SIMONE. L'Oeuvre Peint de Jean Lur\u00e7at. Catalogue Raisonn\u00e9 1910 - 1965 . - Antiquariaat Frans Melk","og_description":"ISBN 9782940033225","og_url":"https:\/\/fransmelk.nl\/?product=90122-lurcat-jean-denizeau-gerard-lurcat-simone-l-oeuvre-peint-de-jean-lurcat-catalogue-raisonne-1910-1965","og_site_name":"Antiquariaat Frans Melk","og_image":[{"url":"https:\/\/fransmelk.nl\/wp-content\/uploads\/\/90122.jpg","width":1,"height":1,"type":"image\/jpeg"}],"twitter_card":"summary_large_image","schema":{"@context":"https:\/\/schema.org","@graph":[{"@type":"WebPage","@id":"https:\/\/fransmelk.nl\/?product=90122-lurcat-jean-denizeau-gerard-lurcat-simone-l-oeuvre-peint-de-jean-lurcat-catalogue-raisonne-1910-1965","url":"https:\/\/fransmelk.nl\/?product=90122-lurcat-jean-denizeau-gerard-lurcat-simone-l-oeuvre-peint-de-jean-lurcat-catalogue-raisonne-1910-1965","name":"LUR\u00c7AT, JEAN - DENIZEAU, G\u00c9RARD & LURCAT, SIMONE. L'Oeuvre Peint de Jean Lur\u00e7at. Catalogue Raisonn\u00e9 1910 - 1965 . - Antiquariaat Frans Melk","isPartOf":{"@id":"https:\/\/fransmelk.nl\/#website"},"primaryImageOfPage":{"@id":"https:\/\/fransmelk.nl\/?product=90122-lurcat-jean-denizeau-gerard-lurcat-simone-l-oeuvre-peint-de-jean-lurcat-catalogue-raisonne-1910-1965#primaryimage"},"image":{"@id":"https:\/\/fransmelk.nl\/?product=90122-lurcat-jean-denizeau-gerard-lurcat-simone-l-oeuvre-peint-de-jean-lurcat-catalogue-raisonne-1910-1965#primaryimage"},"thumbnailUrl":"https:\/\/fransmelk.nl\/wp-content\/uploads\/\/90122.jpg","datePublished":"2026-03-06T00:00:00+00:00","breadcrumb":{"@id":"https:\/\/fransmelk.nl\/?product=90122-lurcat-jean-denizeau-gerard-lurcat-simone-l-oeuvre-peint-de-jean-lurcat-catalogue-raisonne-1910-1965#breadcrumb"},"inLanguage":"nl-NL","potentialAction":[{"@type":"ReadAction","target":["https:\/\/fransmelk.nl\/?product=90122-lurcat-jean-denizeau-gerard-lurcat-simone-l-oeuvre-peint-de-jean-lurcat-catalogue-raisonne-1910-1965"]}]},{"@type":"ImageObject","inLanguage":"nl-NL","@id":"https:\/\/fransmelk.nl\/?product=90122-lurcat-jean-denizeau-gerard-lurcat-simone-l-oeuvre-peint-de-jean-lurcat-catalogue-raisonne-1910-1965#primaryimage","url":"https:\/\/fransmelk.nl\/wp-content\/uploads\/\/90122.jpg","contentUrl":"https:\/\/fransmelk.nl\/wp-content\/uploads\/\/90122.jpg","caption":"LUR\u00c7AT, JEAN - DENIZEAU, G\u00c9RARD & LURCAT, SIMONE. L'Oeuvre Peint de Jean Lur\u00e7at. Catalogue Raisonn\u00e9 1910 - 1965 ."},{"@type":"BreadcrumbList","@id":"https:\/\/fransmelk.nl\/?product=90122-lurcat-jean-denizeau-gerard-lurcat-simone-l-oeuvre-peint-de-jean-lurcat-catalogue-raisonne-1910-1965#breadcrumb","itemListElement":[{"@type":"ListItem","position":1,"name":"Home","item":"https:\/\/fransmelk.nl\/"},{"@type":"ListItem","position":2,"name":"Winkel","item":"https:\/\/fransmelk.nl\/?page_id=6"},{"@type":"ListItem","position":3,"name":"LUR\u00c7AT, JEAN &#8211; DENIZEAU, G\u00c9RARD &#038; LURCAT, SIMONE. L&#8217;Oeuvre Peint de Jean Lur\u00e7at. Catalogue Raisonn\u00e9 1910 &#8211; 1965 ."}]},{"@type":"WebSite","@id":"https:\/\/fransmelk.nl\/#website","url":"https:\/\/fransmelk.nl\/","name":"Antiquariaat Frans Melk","description":"{:nl}Antiquariaat Frans Melk{:}{:en}Antiquariaat Frans Melk{:}","publisher":{"@id":"https:\/\/fransmelk.nl\/#organization"},"potentialAction":[{"@type":"SearchAction","target":{"@type":"EntryPoint","urlTemplate":"https:\/\/fransmelk.nl\/?s={search_term_string}"},"query-input":{"@type":"PropertyValueSpecification","valueRequired":true,"valueName":"search_term_string"}}],"inLanguage":"nl-NL"},{"@type":"Organization","@id":"https:\/\/fransmelk.nl\/#organization","name":"Antiquariaat Frans Melk","url":"https:\/\/fransmelk.nl\/","logo":{"@type":"ImageObject","inLanguage":"nl-NL","@id":"https:\/\/fransmelk.nl\/#\/schema\/logo\/image\/","url":"https:\/\/fransmelk.nl\/wp-content\/uploads\/2024\/02\/cropped-logo-transparant.png","contentUrl":"https:\/\/fransmelk.nl\/wp-content\/uploads\/2024\/02\/cropped-logo-transparant.png","width":1815,"height":744,"caption":"Antiquariaat Frans Melk"},"image":{"@id":"https:\/\/fransmelk.nl\/#\/schema\/logo\/image\/"}}]}},"lang":"nl","translations":{"nl":700187},"jetpack_sharing_enabled":true,"pll_sync_post":[],"_links":{"self":[{"href":"https:\/\/fransmelk.nl\/index.php?rest_route=\/wp\/v2\/product\/700187","targetHints":{"allow":["GET"]}}],"collection":[{"href":"https:\/\/fransmelk.nl\/index.php?rest_route=\/wp\/v2\/product"}],"about":[{"href":"https:\/\/fransmelk.nl\/index.php?rest_route=\/wp\/v2\/types\/product"}],"version-history":[{"count":0,"href":"https:\/\/fransmelk.nl\/index.php?rest_route=\/wp\/v2\/product\/700187\/revisions"}],"wp:featuredmedia":[{"embeddable":true,"href":"https:\/\/fransmelk.nl\/index.php?rest_route=\/wp\/v2\/media\/700188"}],"wp:attachment":[{"href":"https:\/\/fransmelk.nl\/index.php?rest_route=%2Fwp%2Fv2%2Fmedia&parent=700187"}],"wp:term":[{"taxonomy":"product_cat","embeddable":true,"href":"https:\/\/fransmelk.nl\/index.php?rest_route=%2Fwp%2Fv2%2Fproduct_cat&post=700187"},{"taxonomy":"product_tag","embeddable":true,"href":"https:\/\/fransmelk.nl\/index.php?rest_route=%2Fwp%2Fv2%2Fproduct_tag&post=700187"}],"curies":[{"name":"wp","href":"https:\/\/api.w.org\/{rel}","templated":true}]}}