{"id":664597,"date":"2026-01-21T00:00:00","date_gmt":"2026-01-21T00:00:00","guid":{"rendered":"https:\/\/fransmelk.nl\/wp-content\/uploads\/product\/121167-humboldt-alexander-von-aime-bonpland-examen-critique-de-l-histoire-de-la-geographie-du-nouveau-continent-atlas-geographique-et-physique-des-reg\/"},"modified":"2026-01-21T12:31:10","modified_gmt":"2026-01-21T12:31:10","slug":"121167-humboldt-alexander-von-aime-bonpland-examen-critique-de-l-histoire-de-la-geographie-du-nouveau-continent-atlas-geographique-et-physique-des-reg","status":"publish","type":"product","link":"https:\/\/fransmelk.nl\/?product=121167-humboldt-alexander-von-aime-bonpland-examen-critique-de-l-histoire-de-la-geographie-du-nouveau-continent-atlas-geographique-et-physique-des-reg","title":{"rendered":"HUMBOLDT,  ALEXANDER VON &#038;  AIME BONPLAND. Examen Critique de l&#8217;Histoire de la G\u00e9ographie du Nouveau Continent. Atlas G\u00e9ographique et Physique des R\u00e9gions \u00c9quinoxiales du Nouveau Continent. Sur des observations astronomiques, des mesures trigonom\u00e9triques et  dees nivellemens barom\u00e9triques."},"content":{"rendered":"<p><span style=\n      'font-family:Segoe UI Semibold;'>Examen Critique de l&#39;Histoire de la G&eacute;ographie du Nouveau Continent. Atlas G&eacute;ographique et Physique des R&eacute;gions &Eacute;quinoxiales du Nouveau Continent. Sur des observations astronomiques, des mesures trigonom&eacute;triques et  dees nivellemens barom&eacute;triques. <\/span><\/p>\n<p>      <span style=\n      'font-family:Segoe UI Semibold;'>Theatrum Orbis Terrarum LTD. &amp; Da Capo Press, Amsterdam, 1971, New York. Size: 52 x 36 x 2,5 cm. Bound in halfleather with red leather titlelabel.  Marbled boards.  Numbered edition of 200 copies. This copy is NOT numbered. Text in French. VI, 561 pages. NEAR  FINE COPY <\/span> [Bijzonder \/ Special [Bijzonder], Facsimile, Humboldt [Alexander von Humboldt], Reizen \/ Travel]<\/p>\n","protected":false},"excerpt":{"rendered":"<p>*       <span style=      'font-family:Segoe UI Semibold;'> ** Facsimile of the edition Paris, Librarie De Gide, 1814 &#8211; 1834. <\/span>     ISBN  9789022111772<\/p>\n","protected":false},"featured_media":664598,"template":"","meta":{"inline_featured_image":false},"product_cat":[227],"product_tag":[],"class_list":{"0":"post-664597","1":"product","2":"type-product","3":"status-publish","4":"has-post-thumbnail","6":"product_cat-alexander-von-humboldt","8":"first","9":"instock","10":"shipping-taxable","11":"purchasable","12":"product-type-simple"},"yoast_head":"<!-- This site is optimized with the Yoast SEO plugin v27.5 - https:\/\/yoast.com\/product\/yoast-seo-wordpress\/ -->\n<title>HUMBOLDT, ALEXANDER VON &amp; AIME BONPLAND. Examen Critique de l&#039;Histoire de la G\u00e9ographie du Nouveau Continent. Atlas G\u00e9ographique et Physique des R\u00e9gions \u00c9quinoxiales du Nouveau Continent. Sur des observations astronomiques, des mesures trigonom\u00e9triques et dees nivellemens barom\u00e9triques. - Antiquariaat Frans Melk<\/title>\n<meta name=\"robots\" content=\"index, follow, max-snippet:-1, max-image-preview:large, max-video-preview:-1\" \/>\n<link rel=\"canonical\" href=\"https:\/\/fransmelk.nl\/?product=121167-humboldt-alexander-von-aime-bonpland-examen-critique-de-l-histoire-de-la-geographie-du-nouveau-continent-atlas-geographique-et-physique-des-reg\" \/>\n<meta property=\"og:locale\" content=\"nl_NL\" \/>\n<meta property=\"og:type\" content=\"article\" \/>\n<meta property=\"og:title\" content=\"HUMBOLDT, ALEXANDER VON &amp; AIME BONPLAND. Examen Critique de l&#039;Histoire de la G\u00e9ographie du Nouveau Continent. Atlas G\u00e9ographique et Physique des R\u00e9gions \u00c9quinoxiales du Nouveau Continent. Sur des observations astronomiques, des mesures trigonom\u00e9triques et dees nivellemens barom\u00e9triques. - Antiquariaat Frans Melk\" \/>\n<meta property=\"og:description\" content=\"*    ** Facsimile of the edition Paris, Librarie De Gide, 1814 - 1834.   ISBN 9789022111772\" \/>\n<meta property=\"og:url\" content=\"https:\/\/fransmelk.nl\/?product=121167-humboldt-alexander-von-aime-bonpland-examen-critique-de-l-histoire-de-la-geographie-du-nouveau-continent-atlas-geographique-et-physique-des-reg\" \/>\n<meta property=\"og:site_name\" content=\"Antiquariaat Frans Melk\" \/>\n<meta property=\"article:modified_time\" content=\"2026-01-21T12:31:10+00:00\" \/>\n<meta property=\"og:image\" content=\"https:\/\/fransmelk.nl\/wp-content\/uploads\/\/121167.jpg\" \/>\n\t<meta property=\"og:image:width\" content=\"1\" \/>\n\t<meta property=\"og:image:height\" content=\"1\" \/>\n\t<meta property=\"og:image:type\" content=\"image\/jpeg\" \/>\n<meta name=\"twitter:card\" content=\"summary_large_image\" \/>\n<script type=\"application\/ld+json\" class=\"yoast-schema-graph\">{\"@context\":\"https:\\\/\\\/schema.org\",\"@graph\":[{\"@type\":\"WebPage\",\"@id\":\"https:\\\/\\\/fransmelk.nl\\\/?product=121167-humboldt-alexander-von-aime-bonpland-examen-critique-de-l-histoire-de-la-geographie-du-nouveau-continent-atlas-geographique-et-physique-des-reg\",\"url\":\"https:\\\/\\\/fransmelk.nl\\\/?product=121167-humboldt-alexander-von-aime-bonpland-examen-critique-de-l-histoire-de-la-geographie-du-nouveau-continent-atlas-geographique-et-physique-des-reg\",\"name\":\"HUMBOLDT, ALEXANDER VON & AIME BONPLAND. Examen Critique de l'Histoire de la G\u00e9ographie du Nouveau Continent. Atlas G\u00e9ographique et Physique des R\u00e9gions \u00c9quinoxiales du Nouveau Continent. Sur des observations astronomiques, des mesures trigonom\u00e9triques et dees nivellemens barom\u00e9triques. - Antiquariaat Frans Melk\",\"isPartOf\":{\"@id\":\"https:\\\/\\\/fransmelk.nl\\\/#website\"},\"primaryImageOfPage\":{\"@id\":\"https:\\\/\\\/fransmelk.nl\\\/?product=121167-humboldt-alexander-von-aime-bonpland-examen-critique-de-l-histoire-de-la-geographie-du-nouveau-continent-atlas-geographique-et-physique-des-reg#primaryimage\"},\"image\":{\"@id\":\"https:\\\/\\\/fransmelk.nl\\\/?product=121167-humboldt-alexander-von-aime-bonpland-examen-critique-de-l-histoire-de-la-geographie-du-nouveau-continent-atlas-geographique-et-physique-des-reg#primaryimage\"},\"thumbnailUrl\":\"https:\\\/\\\/fransmelk.nl\\\/wp-content\\\/uploads\\\/\\\/121167.jpg\",\"datePublished\":\"2026-01-21T00:00:00+00:00\",\"dateModified\":\"2026-01-21T12:31:10+00:00\",\"breadcrumb\":{\"@id\":\"https:\\\/\\\/fransmelk.nl\\\/?product=121167-humboldt-alexander-von-aime-bonpland-examen-critique-de-l-histoire-de-la-geographie-du-nouveau-continent-atlas-geographique-et-physique-des-reg#breadcrumb\"},\"inLanguage\":\"nl-NL\",\"potentialAction\":[{\"@type\":\"ReadAction\",\"target\":[\"https:\\\/\\\/fransmelk.nl\\\/?product=121167-humboldt-alexander-von-aime-bonpland-examen-critique-de-l-histoire-de-la-geographie-du-nouveau-continent-atlas-geographique-et-physique-des-reg\"]}]},{\"@type\":\"ImageObject\",\"inLanguage\":\"nl-NL\",\"@id\":\"https:\\\/\\\/fransmelk.nl\\\/?product=121167-humboldt-alexander-von-aime-bonpland-examen-critique-de-l-histoire-de-la-geographie-du-nouveau-continent-atlas-geographique-et-physique-des-reg#primaryimage\",\"url\":\"https:\\\/\\\/fransmelk.nl\\\/wp-content\\\/uploads\\\/\\\/121167.jpg\",\"contentUrl\":\"https:\\\/\\\/fransmelk.nl\\\/wp-content\\\/uploads\\\/\\\/121167.jpg\",\"caption\":\"HUMBOLDT, ALEXANDER VON & AIME BONPLAND. Examen Critique de l'Histoire de la G\u00e9ographie du Nouveau Continent. Atlas G\u00e9ographique et Physique des R\u00e9gions \u00c9quinoxiales du Nouveau Continent. Sur des observations astronomiques, des mesures trigonom\u00e9triques et dees nivellemens barom\u00e9triques.\"},{\"@type\":\"BreadcrumbList\",\"@id\":\"https:\\\/\\\/fransmelk.nl\\\/?product=121167-humboldt-alexander-von-aime-bonpland-examen-critique-de-l-histoire-de-la-geographie-du-nouveau-continent-atlas-geographique-et-physique-des-reg#breadcrumb\",\"itemListElement\":[{\"@type\":\"ListItem\",\"position\":1,\"name\":\"Home\",\"item\":\"https:\\\/\\\/fransmelk.nl\\\/\"},{\"@type\":\"ListItem\",\"position\":2,\"name\":\"Winkel\",\"item\":\"https:\\\/\\\/fransmelk.nl\\\/?page_id=6\"},{\"@type\":\"ListItem\",\"position\":3,\"name\":\"HUMBOLDT, ALEXANDER VON &#038; AIME BONPLAND. Examen Critique de l&#8217;Histoire de la G\u00e9ographie du Nouveau Continent. Atlas G\u00e9ographique et Physique des R\u00e9gions \u00c9quinoxiales du Nouveau Continent. Sur des observations astronomiques, des mesures trigonom\u00e9triques et dees nivellemens barom\u00e9triques.\"}]},{\"@type\":\"WebSite\",\"@id\":\"https:\\\/\\\/fransmelk.nl\\\/#website\",\"url\":\"https:\\\/\\\/fransmelk.nl\\\/\",\"name\":\"Antiquariaat Frans Melk\",\"description\":\"{:nl}Antiquariaat Frans Melk{:}{:en}Antiquariaat Frans Melk{:}\",\"publisher\":{\"@id\":\"https:\\\/\\\/fransmelk.nl\\\/#organization\"},\"potentialAction\":[{\"@type\":\"SearchAction\",\"target\":{\"@type\":\"EntryPoint\",\"urlTemplate\":\"https:\\\/\\\/fransmelk.nl\\\/?s={search_term_string}\"},\"query-input\":{\"@type\":\"PropertyValueSpecification\",\"valueRequired\":true,\"valueName\":\"search_term_string\"}}],\"inLanguage\":\"nl-NL\"},{\"@type\":\"Organization\",\"@id\":\"https:\\\/\\\/fransmelk.nl\\\/#organization\",\"name\":\"Antiquariaat Frans Melk\",\"url\":\"https:\\\/\\\/fransmelk.nl\\\/\",\"logo\":{\"@type\":\"ImageObject\",\"inLanguage\":\"nl-NL\",\"@id\":\"https:\\\/\\\/fransmelk.nl\\\/#\\\/schema\\\/logo\\\/image\\\/\",\"url\":\"https:\\\/\\\/fransmelk.nl\\\/wp-content\\\/uploads\\\/2024\\\/02\\\/cropped-logo-transparant.png\",\"contentUrl\":\"https:\\\/\\\/fransmelk.nl\\\/wp-content\\\/uploads\\\/2024\\\/02\\\/cropped-logo-transparant.png\",\"width\":1815,\"height\":744,\"caption\":\"Antiquariaat Frans Melk\"},\"image\":{\"@id\":\"https:\\\/\\\/fransmelk.nl\\\/#\\\/schema\\\/logo\\\/image\\\/\"}}]}<\/script>\n<!-- \/ Yoast SEO plugin. -->","yoast_head_json":{"title":"HUMBOLDT, ALEXANDER VON & AIME BONPLAND. Examen Critique de l'Histoire de la G\u00e9ographie du Nouveau Continent. Atlas G\u00e9ographique et Physique des R\u00e9gions \u00c9quinoxiales du Nouveau Continent. Sur des observations astronomiques, des mesures trigonom\u00e9triques et dees nivellemens barom\u00e9triques. - Antiquariaat Frans Melk","robots":{"index":"index","follow":"follow","max-snippet":"max-snippet:-1","max-image-preview":"max-image-preview:large","max-video-preview":"max-video-preview:-1"},"canonical":"https:\/\/fransmelk.nl\/?product=121167-humboldt-alexander-von-aime-bonpland-examen-critique-de-l-histoire-de-la-geographie-du-nouveau-continent-atlas-geographique-et-physique-des-reg","og_locale":"nl_NL","og_type":"article","og_title":"HUMBOLDT, ALEXANDER VON & AIME BONPLAND. Examen Critique de l'Histoire de la G\u00e9ographie du Nouveau Continent. Atlas G\u00e9ographique et Physique des R\u00e9gions \u00c9quinoxiales du Nouveau Continent. Sur des observations astronomiques, des mesures trigonom\u00e9triques et dees nivellemens barom\u00e9triques. - Antiquariaat Frans Melk","og_description":"*    ** Facsimile of the edition Paris, Librarie De Gide, 1814 - 1834.   ISBN 9789022111772","og_url":"https:\/\/fransmelk.nl\/?product=121167-humboldt-alexander-von-aime-bonpland-examen-critique-de-l-histoire-de-la-geographie-du-nouveau-continent-atlas-geographique-et-physique-des-reg","og_site_name":"Antiquariaat Frans Melk","article_modified_time":"2026-01-21T12:31:10+00:00","og_image":[{"url":"https:\/\/fransmelk.nl\/wp-content\/uploads\/\/121167.jpg","width":1,"height":1,"type":"image\/jpeg"}],"twitter_card":"summary_large_image","schema":{"@context":"https:\/\/schema.org","@graph":[{"@type":"WebPage","@id":"https:\/\/fransmelk.nl\/?product=121167-humboldt-alexander-von-aime-bonpland-examen-critique-de-l-histoire-de-la-geographie-du-nouveau-continent-atlas-geographique-et-physique-des-reg","url":"https:\/\/fransmelk.nl\/?product=121167-humboldt-alexander-von-aime-bonpland-examen-critique-de-l-histoire-de-la-geographie-du-nouveau-continent-atlas-geographique-et-physique-des-reg","name":"HUMBOLDT, ALEXANDER VON & AIME BONPLAND. Examen Critique de l'Histoire de la G\u00e9ographie du Nouveau Continent. Atlas G\u00e9ographique et Physique des R\u00e9gions \u00c9quinoxiales du Nouveau Continent. Sur des observations astronomiques, des mesures trigonom\u00e9triques et dees nivellemens barom\u00e9triques. - Antiquariaat Frans Melk","isPartOf":{"@id":"https:\/\/fransmelk.nl\/#website"},"primaryImageOfPage":{"@id":"https:\/\/fransmelk.nl\/?product=121167-humboldt-alexander-von-aime-bonpland-examen-critique-de-l-histoire-de-la-geographie-du-nouveau-continent-atlas-geographique-et-physique-des-reg#primaryimage"},"image":{"@id":"https:\/\/fransmelk.nl\/?product=121167-humboldt-alexander-von-aime-bonpland-examen-critique-de-l-histoire-de-la-geographie-du-nouveau-continent-atlas-geographique-et-physique-des-reg#primaryimage"},"thumbnailUrl":"https:\/\/fransmelk.nl\/wp-content\/uploads\/\/121167.jpg","datePublished":"2026-01-21T00:00:00+00:00","dateModified":"2026-01-21T12:31:10+00:00","breadcrumb":{"@id":"https:\/\/fransmelk.nl\/?product=121167-humboldt-alexander-von-aime-bonpland-examen-critique-de-l-histoire-de-la-geographie-du-nouveau-continent-atlas-geographique-et-physique-des-reg#breadcrumb"},"inLanguage":"nl-NL","potentialAction":[{"@type":"ReadAction","target":["https:\/\/fransmelk.nl\/?product=121167-humboldt-alexander-von-aime-bonpland-examen-critique-de-l-histoire-de-la-geographie-du-nouveau-continent-atlas-geographique-et-physique-des-reg"]}]},{"@type":"ImageObject","inLanguage":"nl-NL","@id":"https:\/\/fransmelk.nl\/?product=121167-humboldt-alexander-von-aime-bonpland-examen-critique-de-l-histoire-de-la-geographie-du-nouveau-continent-atlas-geographique-et-physique-des-reg#primaryimage","url":"https:\/\/fransmelk.nl\/wp-content\/uploads\/\/121167.jpg","contentUrl":"https:\/\/fransmelk.nl\/wp-content\/uploads\/\/121167.jpg","caption":"HUMBOLDT, ALEXANDER VON & AIME BONPLAND. Examen Critique de l'Histoire de la G\u00e9ographie du Nouveau Continent. Atlas G\u00e9ographique et Physique des R\u00e9gions \u00c9quinoxiales du Nouveau Continent. Sur des observations astronomiques, des mesures trigonom\u00e9triques et dees nivellemens barom\u00e9triques."},{"@type":"BreadcrumbList","@id":"https:\/\/fransmelk.nl\/?product=121167-humboldt-alexander-von-aime-bonpland-examen-critique-de-l-histoire-de-la-geographie-du-nouveau-continent-atlas-geographique-et-physique-des-reg#breadcrumb","itemListElement":[{"@type":"ListItem","position":1,"name":"Home","item":"https:\/\/fransmelk.nl\/"},{"@type":"ListItem","position":2,"name":"Winkel","item":"https:\/\/fransmelk.nl\/?page_id=6"},{"@type":"ListItem","position":3,"name":"HUMBOLDT, ALEXANDER VON &#038; AIME BONPLAND. Examen Critique de l&#8217;Histoire de la G\u00e9ographie du Nouveau Continent. Atlas G\u00e9ographique et Physique des R\u00e9gions \u00c9quinoxiales du Nouveau Continent. Sur des observations astronomiques, des mesures trigonom\u00e9triques et dees nivellemens barom\u00e9triques."}]},{"@type":"WebSite","@id":"https:\/\/fransmelk.nl\/#website","url":"https:\/\/fransmelk.nl\/","name":"Antiquariaat Frans Melk","description":"{:nl}Antiquariaat Frans Melk{:}{:en}Antiquariaat Frans Melk{:}","publisher":{"@id":"https:\/\/fransmelk.nl\/#organization"},"potentialAction":[{"@type":"SearchAction","target":{"@type":"EntryPoint","urlTemplate":"https:\/\/fransmelk.nl\/?s={search_term_string}"},"query-input":{"@type":"PropertyValueSpecification","valueRequired":true,"valueName":"search_term_string"}}],"inLanguage":"nl-NL"},{"@type":"Organization","@id":"https:\/\/fransmelk.nl\/#organization","name":"Antiquariaat Frans Melk","url":"https:\/\/fransmelk.nl\/","logo":{"@type":"ImageObject","inLanguage":"nl-NL","@id":"https:\/\/fransmelk.nl\/#\/schema\/logo\/image\/","url":"https:\/\/fransmelk.nl\/wp-content\/uploads\/2024\/02\/cropped-logo-transparant.png","contentUrl":"https:\/\/fransmelk.nl\/wp-content\/uploads\/2024\/02\/cropped-logo-transparant.png","width":1815,"height":744,"caption":"Antiquariaat Frans Melk"},"image":{"@id":"https:\/\/fransmelk.nl\/#\/schema\/logo\/image\/"}}]}},"lang":"nl","translations":{"nl":664597},"jetpack_sharing_enabled":true,"pll_sync_post":[],"_links":{"self":[{"href":"https:\/\/fransmelk.nl\/index.php?rest_route=\/wp\/v2\/product\/664597","targetHints":{"allow":["GET"]}}],"collection":[{"href":"https:\/\/fransmelk.nl\/index.php?rest_route=\/wp\/v2\/product"}],"about":[{"href":"https:\/\/fransmelk.nl\/index.php?rest_route=\/wp\/v2\/types\/product"}],"version-history":[{"count":0,"href":"https:\/\/fransmelk.nl\/index.php?rest_route=\/wp\/v2\/product\/664597\/revisions"}],"wp:featuredmedia":[{"embeddable":true,"href":"https:\/\/fransmelk.nl\/index.php?rest_route=\/wp\/v2\/media\/664598"}],"wp:attachment":[{"href":"https:\/\/fransmelk.nl\/index.php?rest_route=%2Fwp%2Fv2%2Fmedia&parent=664597"}],"wp:term":[{"taxonomy":"product_cat","embeddable":true,"href":"https:\/\/fransmelk.nl\/index.php?rest_route=%2Fwp%2Fv2%2Fproduct_cat&post=664597"},{"taxonomy":"product_tag","embeddable":true,"href":"https:\/\/fransmelk.nl\/index.php?rest_route=%2Fwp%2Fv2%2Fproduct_tag&post=664597"}],"curies":[{"name":"wp","href":"https:\/\/api.w.org\/{rel}","templated":true}]}}